{"id":939,"date":"2021-06-12T06:25:44","date_gmt":"2021-06-12T04:25:44","guid":{"rendered":"https:\/\/kibicompany.com\/index.php\/services\/"},"modified":"2023-10-20T21:16:47","modified_gmt":"2023-10-20T19:16:47","slug":"services","status":"publish","type":"page","link":"https:\/\/kibicompany.com\/index.php\/services\/","title":{"rendered":"Servicios"},"content":{"rendered":"\t\t<div data-elementor-type=\"wp-page\" data-elementor-id=\"939\" class=\"elementor elementor-939\">\n\t\t\t\t\t\t<div class=\"elementor-inner\">\n\t\t\t\t<div class=\"elementor-section-wrap\">\n\t\t\t\t\t\t\t\t\t<section class=\"elementor-section elementor-top-section elementor-element elementor-element-623ea53 elementor-section-boxed elementor-section-height-default elementor-section-height-default\" data-id=\"623ea53\" data-element_type=\"section\" data-settings=\"{&quot;background_background&quot;:&quot;classic&quot;}\">\n\t\t\t\t\t\t\t<div class=\"elementor-background-overlay\"><\/div>\n\t\t\t\t\t\t\t<div class=\"elementor-container elementor-column-gap-no\">\n\t\t\t\t\t\t\t<div class=\"elementor-row\">\n\t\t\t\t\t<div class=\"elementor-column elementor-col-100 elementor-top-column elementor-element elementor-element-21ddeff\" data-id=\"21ddeff\" data-element_type=\"column\">\n\t\t\t<div class=\"elementor-column-wrap elementor-element-populated\">\n\t\t\t\t\t\t\t<div class=\"elementor-widget-wrap\">\n\t\t\t\t\t\t<div class=\"elementor-element elementor-element-a09d3bc elementor-widget elementor-widget-heading\" data-id=\"a09d3bc\" data-element_type=\"widget\" data-widget_type=\"heading.default\">\n\t\t\t\t<div class=\"elementor-widget-container\">\n\t\t\t<style>\/*! elementor - v3.16.0 - 09-10-2023 *\/\n.elementor-heading-title{padding:0;margin:0;line-height:1}.elementor-widget-heading .elementor-heading-title[class*=elementor-size-]>a{color:inherit;font-size:inherit;line-height:inherit}.elementor-widget-heading .elementor-heading-title.elementor-size-small{font-size:15px}.elementor-widget-heading .elementor-heading-title.elementor-size-medium{font-size:19px}.elementor-widget-heading .elementor-heading-title.elementor-size-large{font-size:29px}.elementor-widget-heading .elementor-heading-title.elementor-size-xl{font-size:39px}.elementor-widget-heading .elementor-heading-title.elementor-size-xxl{font-size:59px}<\/style><h1 class=\"elementor-heading-title elementor-size-default\">Servicios<\/h1>\t\t<\/div>\n\t\t\t\t<\/div>\n\t\t\t\t\t\t<\/div>\n\t\t\t\t\t<\/div>\n\t\t<\/div>\n\t\t\t\t\t\t\t\t<\/div>\n\t\t\t\t\t<\/div>\n\t\t<\/section>\n\t\t\t\t<section class=\"elementor-section elementor-top-section elementor-element elementor-element-e6eecd6 elementor-section-boxed elementor-section-height-default elementor-section-height-default\" data-id=\"e6eecd6\" data-element_type=\"section\" data-settings=\"{&quot;background_background&quot;:&quot;classic&quot;}\">\n\t\t\t\t\t\t\t<div class=\"elementor-background-overlay\"><\/div>\n\t\t\t\t\t\t\t<div class=\"elementor-container elementor-column-gap-no\">\n\t\t\t\t\t\t\t<div class=\"elementor-row\">\n\t\t\t\t\t<div class=\"elementor-column elementor-col-100 elementor-top-column elementor-element elementor-element-75764c5\" data-id=\"75764c5\" data-element_type=\"column\">\n\t\t\t<div class=\"elementor-column-wrap elementor-element-populated\">\n\t\t\t\t\t\t\t<div class=\"elementor-widget-wrap\">\n\t\t\t\t\t\t<div class=\"elementor-element elementor-element-a3030da elementor-widget elementor-widget-heading\" data-id=\"a3030da\" data-element_type=\"widget\" data-widget_type=\"heading.default\">\n\t\t\t\t<div class=\"elementor-widget-container\">\n\t\t\t<h6 class=\"elementor-heading-title elementor-size-default\">Nuestros servicios<\/h6>\t\t<\/div>\n\t\t\t\t<\/div>\n\t\t\t\t<div class=\"elementor-element elementor-element-1dbc89b elementor-widget elementor-widget-heading\" data-id=\"1dbc89b\" data-element_type=\"widget\" data-widget_type=\"heading.default\">\n\t\t\t\t<div class=\"elementor-widget-container\">\n\t\t\t<h2 class=\"elementor-heading-title elementor-size-default\">Conf\u00eda en la experiencia<\/h2>\t\t<\/div>\n\t\t\t\t<\/div>\n\t\t\t\t<div class=\"elementor-element elementor-element-b9529bc elementor-widget__width-initial elementor-widget-tablet__width-initial elementor-widget-mobile__width-inherit elementor-position-top elementor-widget elementor-widget-image-box\" data-id=\"b9529bc\" data-element_type=\"widget\" data-widget_type=\"image-box.default\">\n\t\t\t\t<div class=\"elementor-widget-container\">\n\t\t\t<style>\/*! elementor - v3.16.0 - 09-10-2023 *\/\n.elementor-widget-image-box .elementor-image-box-content{width:100%}@media (min-width:768px){.elementor-widget-image-box.elementor-position-left .elementor-image-box-wrapper,.elementor-widget-image-box.elementor-position-right .elementor-image-box-wrapper{display:flex}.elementor-widget-image-box.elementor-position-right .elementor-image-box-wrapper{text-align:right;flex-direction:row-reverse}.elementor-widget-image-box.elementor-position-left .elementor-image-box-wrapper{text-align:left;flex-direction:row}.elementor-widget-image-box.elementor-position-top .elementor-image-box-img{margin:auto}.elementor-widget-image-box.elementor-vertical-align-top .elementor-image-box-wrapper{align-items:flex-start}.elementor-widget-image-box.elementor-vertical-align-middle .elementor-image-box-wrapper{align-items:center}.elementor-widget-image-box.elementor-vertical-align-bottom .elementor-image-box-wrapper{align-items:flex-end}}@media (max-width:767px){.elementor-widget-image-box .elementor-image-box-img{margin-left:auto!important;margin-right:auto!important;margin-bottom:15px}}.elementor-widget-image-box .elementor-image-box-img{display:inline-block}.elementor-widget-image-box .elementor-image-box-title a{color:inherit}.elementor-widget-image-box .elementor-image-box-wrapper{text-align:center}.elementor-widget-image-box .elementor-image-box-description{margin:0}<\/style><div class=\"elementor-image-box-wrapper\"><figure class=\"elementor-image-box-img\"><img decoding=\"async\" loading=\"lazy\" width=\"1024\" height=\"682\" src=\"https:\/\/kibicompany.com\/wp-content\/uploads\/2023\/10\/Tratamientos-de-aguas-residuales.jpg\" class=\"attachment-full size-full wp-image-1003\" alt=\"\" srcset=\"https:\/\/kibicompany.com\/wp-content\/uploads\/2023\/10\/Tratamientos-de-aguas-residuales.jpg 1024w, https:\/\/kibicompany.com\/wp-content\/uploads\/2023\/10\/Tratamientos-de-aguas-residuales-300x200.jpg 300w, https:\/\/kibicompany.com\/wp-content\/uploads\/2023\/10\/Tratamientos-de-aguas-residuales-768x512.jpg 768w\" sizes=\"(max-width: 1024px) 100vw, 1024px\" \/><\/figure><div class=\"elementor-image-box-content\"><h4 class=\"elementor-image-box-title\">Tratamientos de aguas residuales<\/h4><p class=\"elementor-image-box-description\">Es un proceso con operaciones de distintos tipos (f\u00edsico, qu\u00edmico, f\u00edsico-qu\u00edmico o biol\u00f3gico) cuyo objetivo es la eliminaci\u00f3n y\/o reducci\u00f3n de la contaminaci\u00f3n o de las caracter\u00edsticas no deseables de las aguas.<\/p><\/div><\/div>\t\t<\/div>\n\t\t\t\t<\/div>\n\t\t\t\t<div class=\"elementor-element elementor-element-1ee8e7c elementor-widget__width-initial elementor-widget-tablet__width-initial elementor-widget-mobile__width-inherit elementor-position-top elementor-widget elementor-widget-image-box\" data-id=\"1ee8e7c\" data-element_type=\"widget\" data-widget_type=\"image-box.default\">\n\t\t\t\t<div class=\"elementor-widget-container\">\n\t\t\t<div class=\"elementor-image-box-wrapper\"><figure class=\"elementor-image-box-img\"><img decoding=\"async\" loading=\"lazy\" width=\"849\" height=\"565\" src=\"https:\/\/kibicompany.com\/wp-content\/uploads\/2023\/10\/climitizacion.2.jpg\" class=\"attachment-full size-full wp-image-1089\" alt=\"\" srcset=\"https:\/\/kibicompany.com\/wp-content\/uploads\/2023\/10\/climitizacion.2.jpg 849w, https:\/\/kibicompany.com\/wp-content\/uploads\/2023\/10\/climitizacion.2-300x200.jpg 300w, https:\/\/kibicompany.com\/wp-content\/uploads\/2023\/10\/climitizacion.2-768x511.jpg 768w\" sizes=\"(max-width: 849px) 100vw, 849px\" \/><\/figure><div class=\"elementor-image-box-content\"><h4 class=\"elementor-image-box-title\">Climatizaci\u00f3n<\/h4><p class=\"elementor-image-box-description\">Consiste en crear unas condiciones de temperatura, humedad y limpieza del aire adecuadas para la comodidad y la calidad del aire interior, \u200b dentro de los espacios habitados.<\/p><\/div><\/div>\t\t<\/div>\n\t\t\t\t<\/div>\n\t\t\t\t<div class=\"elementor-element elementor-element-cd7a0c6 elementor-widget__width-initial elementor-widget-tablet__width-initial elementor-widget-mobile__width-inherit elementor-position-top elementor-widget elementor-widget-image-box\" data-id=\"cd7a0c6\" data-element_type=\"widget\" data-widget_type=\"image-box.default\">\n\t\t\t\t<div class=\"elementor-widget-container\">\n\t\t\t<div class=\"elementor-image-box-wrapper\"><figure class=\"elementor-image-box-img\"><img decoding=\"async\" loading=\"lazy\" width=\"800\" height=\"529\" src=\"https:\/\/kibicompany.com\/wp-content\/uploads\/2023\/10\/paneles-solares.jpg\" class=\"attachment-full size-full wp-image-1005\" alt=\"\" srcset=\"https:\/\/kibicompany.com\/wp-content\/uploads\/2023\/10\/paneles-solares.jpg 800w, https:\/\/kibicompany.com\/wp-content\/uploads\/2023\/10\/paneles-solares-300x198.jpg 300w, https:\/\/kibicompany.com\/wp-content\/uploads\/2023\/10\/paneles-solares-768x508.jpg 768w\" sizes=\"(max-width: 800px) 100vw, 800px\" \/><\/figure><div class=\"elementor-image-box-content\"><h4 class=\"elementor-image-box-title\">Sistemas de energ\u00eda renovables \/ paneles solares<\/h4><p class=\"elementor-image-box-description\">Los paneles solares son el intermediario que hace que la luz solar nos sirva de energ\u00eda. Su dise\u00f1o es simple, muy eficaz y permite el autoconsumo, lo que fomenta la sostenibilidad. En un futuro pr\u00f3ximo, los paneles generar\u00e1n electricidad incluso de noche.<\/p><\/div><\/div>\t\t<\/div>\n\t\t\t\t<\/div>\n\t\t\t\t<div class=\"elementor-element elementor-element-56af1c9 elementor-widget__width-initial elementor-widget-tablet__width-initial elementor-widget-mobile__width-inherit elementor-position-top elementor-widget elementor-widget-image-box\" data-id=\"56af1c9\" data-element_type=\"widget\" data-widget_type=\"image-box.default\">\n\t\t\t\t<div class=\"elementor-widget-container\">\n\t\t\t<div class=\"elementor-image-box-wrapper\"><figure class=\"elementor-image-box-img\"><img decoding=\"async\" loading=\"lazy\" width=\"1382\" height=\"922\" src=\"https:\/\/kibicompany.com\/wp-content\/uploads\/2023\/10\/limpieza-de-piscina-1.jpg\" class=\"attachment-full size-full wp-image-1011\" alt=\"\" srcset=\"https:\/\/kibicompany.com\/wp-content\/uploads\/2023\/10\/limpieza-de-piscina-1.jpg 1382w, https:\/\/kibicompany.com\/wp-content\/uploads\/2023\/10\/limpieza-de-piscina-1-300x200.jpg 300w, https:\/\/kibicompany.com\/wp-content\/uploads\/2023\/10\/limpieza-de-piscina-1-1024x683.jpg 1024w, https:\/\/kibicompany.com\/wp-content\/uploads\/2023\/10\/limpieza-de-piscina-1-768x512.jpg 768w\" sizes=\"(max-width: 1382px) 100vw, 1382px\" \/><\/figure><div class=\"elementor-image-box-content\"><h4 class=\"elementor-image-box-title\">Asesoramiento t\u00e9cnico para limpieza de piscinas<\/h4><p class=\"elementor-image-box-description\">Para realizar un mantenimiento de la piscina adecuado, debes conocer y comprender los elementos de la piscina, el tipo de agua, la limpieza y el equipamiento, adem\u00e1s de c\u00f3mo y cu\u00e1ndo usarlo. Algunas piscinas necesitan un mantenimiento semanal y otras requieren preparaci\u00f3n para el invierno. Cada piscina tiene su rutina de mantenimiento.<\/p><\/div><\/div>\t\t<\/div>\n\t\t\t\t<\/div>\n\t\t\t\t<div class=\"elementor-element elementor-element-ff6dc9f elementor-widget__width-initial elementor-widget-tablet__width-initial elementor-widget-mobile__width-inherit elementor-position-top elementor-widget elementor-widget-image-box\" data-id=\"ff6dc9f\" data-element_type=\"widget\" data-widget_type=\"image-box.default\">\n\t\t\t\t<div class=\"elementor-widget-container\">\n\t\t\t<div class=\"elementor-image-box-wrapper\"><figure class=\"elementor-image-box-img\"><img decoding=\"async\" loading=\"lazy\" width=\"830\" height=\"553\" src=\"https:\/\/kibicompany.com\/wp-content\/uploads\/2023\/10\/chiller-11.jpg\" class=\"attachment-full size-full wp-image-1014\" alt=\"\" srcset=\"https:\/\/kibicompany.com\/wp-content\/uploads\/2023\/10\/chiller-11.jpg 830w, https:\/\/kibicompany.com\/wp-content\/uploads\/2023\/10\/chiller-11-300x200.jpg 300w, https:\/\/kibicompany.com\/wp-content\/uploads\/2023\/10\/chiller-11-768x512.jpg 768w\" sizes=\"(max-width: 830px) 100vw, 830px\" \/><\/figure><div class=\"elementor-image-box-content\"><h4 class=\"elementor-image-box-title\">Instalaci\u00f3n de Chillers<\/h4><p class=\"elementor-image-box-description\">Chiller es un sistema de aire acondicionado que enfr\u00eda agua para enviar aire a trav\u00e9s de una UMA (Unidad Manejadora de Aire) a oficinas, centros de servicios p\u00fablicos, hospitales u otros espacios privados y p\u00fablicos. Este equipo puede enfriar el agua hasta 6\u00b0C y es m\u00e1s eficiente que una torre de enfriamiento.<\/p><\/div><\/div>\t\t<\/div>\n\t\t\t\t<\/div>\n\t\t\t\t<div class=\"elementor-element elementor-element-24b722c elementor-widget__width-initial elementor-widget-tablet__width-initial elementor-widget-mobile__width-inherit elementor-position-top elementor-widget elementor-widget-image-box\" data-id=\"24b722c\" data-element_type=\"widget\" data-widget_type=\"image-box.default\">\n\t\t\t\t<div class=\"elementor-widget-container\">\n\t\t\t<div class=\"elementor-image-box-wrapper\"><figure class=\"elementor-image-box-img\"><img decoding=\"async\" loading=\"lazy\" width=\"725\" height=\"482\" src=\"https:\/\/kibicompany.com\/wp-content\/uploads\/2023\/10\/equipos-industriales.jpg\" class=\"attachment-full size-full wp-image-1015\" alt=\"\" srcset=\"https:\/\/kibicompany.com\/wp-content\/uploads\/2023\/10\/equipos-industriales.jpg 725w, https:\/\/kibicompany.com\/wp-content\/uploads\/2023\/10\/equipos-industriales-300x199.jpg 300w\" sizes=\"(max-width: 725px) 100vw, 725px\" \/><\/figure><div class=\"elementor-image-box-content\"><h4 class=\"elementor-image-box-title\">Instalaci\u00f3n de equipos industriales<\/h4><p class=\"elementor-image-box-description\">Es conjunto de medios o recursos necesarios para llevar a cabo los procesos de fabricaci\u00f3n y de servicio dentro de un sistema de organizaci\u00f3n industrial.<\/p><\/div><\/div>\t\t<\/div>\n\t\t\t\t<\/div>\n\t\t\t\t\t\t<\/div>\n\t\t\t\t\t<\/div>\n\t\t<\/div>\n\t\t\t\t\t\t\t\t<\/div>\n\t\t\t\t\t<\/div>\n\t\t<\/section>\n\t\t\t\t<section class=\"elementor-section elementor-top-section elementor-element elementor-element-fdb1e5e elementor-section-boxed elementor-section-height-default elementor-section-height-default\" data-id=\"fdb1e5e\" data-element_type=\"section\" data-settings=\"{&quot;shape_divider_top&quot;:&quot;opacity-tilt&quot;,&quot;background_background&quot;:&quot;classic&quot;}\">\n\t\t\t\t\t\t\t<div class=\"elementor-background-overlay\"><\/div>\n\t\t\t\t\t\t<div class=\"elementor-shape elementor-shape-top\" data-negative=\"false\">\n\t\t\t<svg xmlns=\"http:\/\/www.w3.org\/2000\/svg\" viewBox=\"0 0 2600 131.1\" preserveAspectRatio=\"none\">\n\t<path class=\"elementor-shape-fill\" d=\"M0 0L2600 0 2600 69.1 0 0z\"\/>\n\t<path class=\"elementor-shape-fill\" style=\"opacity:0.5\" d=\"M0 0L2600 0 2600 69.1 0 69.1z\"\/>\n\t<path class=\"elementor-shape-fill\" style=\"opacity:0.25\" d=\"M2600 0L0 0 0 130.1 2600 69.1z\"\/>\n<\/svg>\t\t<\/div>\n\t\t\t\t\t<div class=\"elementor-container elementor-column-gap-no\">\n\t\t\t\t\t\t\t<div class=\"elementor-row\">\n\t\t\t\t\t<div class=\"elementor-column elementor-col-100 elementor-top-column elementor-element elementor-element-ad7e385\" data-id=\"ad7e385\" data-element_type=\"column\" data-settings=\"{&quot;background_background&quot;:&quot;gradient&quot;}\">\n\t\t\t<div class=\"elementor-column-wrap elementor-element-populated\">\n\t\t\t\t\t\t\t<div class=\"elementor-widget-wrap\">\n\t\t\t\t\t\t<div class=\"elementor-element elementor-element-4166dbb elementor-widget elementor-widget-heading\" data-id=\"4166dbb\" data-element_type=\"widget\" data-widget_type=\"heading.default\">\n\t\t\t\t<div class=\"elementor-widget-container\">\n\t\t\t<h6 class=\"elementor-heading-title elementor-size-default\">Solicita tus servicios<\/h6>\t\t<\/div>\n\t\t\t\t<\/div>\n\t\t\t\t<div class=\"elementor-element elementor-element-9924f6e elementor-vertical-align-top elementor-widget elementor-widget-icon-box\" data-id=\"9924f6e\" data-element_type=\"widget\" data-widget_type=\"icon-box.default\">\n\t\t\t\t<div class=\"elementor-widget-container\">\n\t\t\t<link rel=\"stylesheet\" href=\"https:\/\/kibicompany.com\/wp-content\/plugins\/elementor\/assets\/css\/widget-icon-box.min.css\">\t\t<div class=\"elementor-icon-box-wrapper\">\n\t\t\t\t\t\t<div class=\"elementor-icon-box-content\">\n\t\t\t\t<h2 class=\"elementor-icon-box-title\">\n\t\t\t\t\t<span  >\n\t\t\t\t\t\tAgenda una cita con nosotros\t\t\t\t\t<\/span>\n\t\t\t\t<\/h2>\n\t\t\t\t\t\t\t\t\t<p class=\"elementor-icon-box-description\">\n\t\t\t\t\t\tSi deseas presentarnos alg\u00fan proyecto, estamos disponible para ti!\t\t\t\t\t<\/p>\n\t\t\t\t\t\t\t<\/div>\n\t\t<\/div>\n\t\t\t\t<\/div>\n\t\t\t\t<\/div>\n\t\t\t\t<div class=\"elementor-element elementor-element-8098feb elementor-widget elementor-widget-wpforms\" data-id=\"8098feb\" data-element_type=\"widget\" data-widget_type=\"wpforms.default\">\n\t\t\t\t<div class=\"elementor-widget-container\">\n\t\t\t<div class=\"wpforms-container \" id=\"wpforms-26\"><form id=\"wpforms-form-26\" class=\"wpforms-validate wpforms-form\" data-formid=\"26\" method=\"post\" enctype=\"multipart\/form-data\" action=\"\/index.php\/wp-json\/wp\/v2\/pages\/939\" data-token=\"0e634bbefbd21b40f02608d1e0843e31\"><noscript class=\"wpforms-error-noscript\">Please enable JavaScript in your browser to complete this form.<\/noscript><div class=\"wpforms-field-container\"><div id=\"wpforms-26-field_0-container\" class=\"wpforms-field wpforms-field-name\" data-field-id=\"0\"><label class=\"wpforms-field-label wpforms-label-hide\" for=\"wpforms-26-field_0\">Nombre y apellido <span class=\"wpforms-required-label\">*<\/span><\/label><input type=\"text\" id=\"wpforms-26-field_0\" class=\"wpforms-field-large wpforms-field-required\" name=\"wpforms[fields][0]\" placeholder=\"Nombre y apellido\" required><\/div><div id=\"wpforms-26-field_8-container\" class=\"wpforms-field wpforms-field-text\" data-field-id=\"8\"><label class=\"wpforms-field-label wpforms-label-hide\" for=\"wpforms-26-field_8\">N\u00famero telef\u00f3nico<\/label><input type=\"text\" id=\"wpforms-26-field_8\" class=\"wpforms-field-large\" name=\"wpforms[fields][8]\" placeholder=\"N\u00famero telef\u00f3nico\" ><\/div><div id=\"wpforms-26-field_7-container\" class=\"wpforms-field wpforms-field-email\" data-field-id=\"7\"><label class=\"wpforms-field-label wpforms-label-hide\" for=\"wpforms-26-field_7\">Email <span class=\"wpforms-required-label\">*<\/span><\/label><input type=\"email\" id=\"wpforms-26-field_7\" class=\"wpforms-field-large wpforms-field-required\" name=\"wpforms[fields][7]\" placeholder=\"Email\" spellcheck=\"false\" required><\/div><div id=\"wpforms-26-field_5-container\" class=\"wpforms-field wpforms-field-text\" data-field-id=\"5\"><label class=\"wpforms-field-label wpforms-label-hide\" for=\"wpforms-26-field_5\">Asunto<\/label><input type=\"text\" id=\"wpforms-26-field_5\" class=\"wpforms-field-large\" name=\"wpforms[fields][5]\" placeholder=\"Asunto\" ><\/div><div id=\"wpforms-26-field_2-container\" class=\"wpforms-field wpforms-field-textarea\" data-field-id=\"2\"><label class=\"wpforms-field-label wpforms-label-hide\" for=\"wpforms-26-field_2\">Comentarios <span class=\"wpforms-required-label\">*<\/span><\/label><textarea id=\"wpforms-26-field_2\" class=\"wpforms-field-medium wpforms-field-required\" name=\"wpforms[fields][2]\" placeholder=\"Describe lo que necesitas \" required><\/textarea><\/div><\/div><!-- .wpforms-field-container --><div class=\"wpforms-submit-container\" ><input type=\"hidden\" name=\"wpforms[id]\" value=\"26\"><input type=\"hidden\" name=\"wpforms[author]\" value=\"1\"><button type=\"submit\" name=\"wpforms[submit]\" id=\"wpforms-submit-26\" class=\"wpforms-submit\" data-alt-text=\"Sending...\" data-submit-text=\"Enviar\" aria-live=\"assertive\" value=\"wpforms-submit\">Enviar<\/button><\/div><\/form><\/div>  <!-- .wpforms-container -->\t\t<\/div>\n\t\t\t\t<\/div>\n\t\t\t\t\t\t<\/div>\n\t\t\t\t\t<\/div>\n\t\t<\/div>\n\t\t\t\t\t\t\t\t<\/div>\n\t\t\t\t\t<\/div>\n\t\t<\/section>\n\t\t\t\t\t\t\t\t\t<\/div>\n\t\t\t<\/div>\n\t\t\t\t\t<\/div>\n\t\t","protected":false},"excerpt":{"rendered":"<p>Servicios Nuestros servicios Conf\u00eda en la experiencia Tratamientos de aguas residuales Es un proceso con operaciones de distintos tipos (f\u00edsico, qu\u00edmico, f\u00edsico-qu\u00edmico o biol\u00f3gico) cuyo objetivo es la eliminaci\u00f3n y\/o reducci\u00f3n de la contaminaci\u00f3n o de las caracter\u00edsticas no deseables de las aguas. Climatizaci\u00f3n Consiste en crear unas condiciones de temperatura, humedad y limpieza del &hellip;<\/p>\n<p class=\"read-more\"> <a class=\"\" href=\"https:\/\/kibicompany.com\/index.php\/services\/\"> <span class=\"screen-reader-text\">Servicios<\/span> Read More &raquo;<\/a><\/p>\n","protected":false},"author":1,"featured_media":0,"parent":0,"menu_order":0,"comment_status":"closed","ping_status":"closed","template":"","meta":{"site-sidebar-layout":"no-sidebar","site-content-layout":"page-builder","ast-site-content-layout":"","site-content-style":"default","site-sidebar-style":"default","ast-global-header-display":"","ast-banner-title-visibility":"","ast-main-header-display":"","ast-hfb-above-header-display":"","ast-hfb-below-header-display":"","ast-hfb-mobile-header-display":"","site-post-title":"disabled","ast-breadcrumbs-content":"disabled","ast-featured-img":"disabled","footer-sml-layout":"","theme-transparent-header-meta":"enabled","adv-header-id-meta":"","stick-header-meta":"","header-above-stick-meta":"","header-main-stick-meta":"","header-below-stick-meta":"","astra-migrate-meta-layouts":"","footnotes":""},"_links":{"self":[{"href":"https:\/\/kibicompany.com\/index.php\/wp-json\/wp\/v2\/pages\/939"}],"collection":[{"href":"https:\/\/kibicompany.com\/index.php\/wp-json\/wp\/v2\/pages"}],"about":[{"href":"https:\/\/kibicompany.com\/index.php\/wp-json\/wp\/v2\/types\/page"}],"author":[{"embeddable":true,"href":"https:\/\/kibicompany.com\/index.php\/wp-json\/wp\/v2\/users\/1"}],"replies":[{"embeddable":true,"href":"https:\/\/kibicompany.com\/index.php\/wp-json\/wp\/v2\/comments?post=939"}],"version-history":[{"count":26,"href":"https:\/\/kibicompany.com\/index.php\/wp-json\/wp\/v2\/pages\/939\/revisions"}],"predecessor-version":[{"id":1241,"href":"https:\/\/kibicompany.com\/index.php\/wp-json\/wp\/v2\/pages\/939\/revisions\/1241"}],"wp:attachment":[{"href":"https:\/\/kibicompany.com\/index.php\/wp-json\/wp\/v2\/media?parent=939"}],"curies":[{"name":"wp","href":"https:\/\/api.w.org\/{rel}","templated":true}]}}